{"id":121,"date":"2018-09-26T14:21:57","date_gmt":"2018-09-26T14:21:57","guid":{"rendered":"http:\/\/thorsten-mann-raudies.de\/?page_id=121"},"modified":"2022-12-14T12:40:39","modified_gmt":"2022-12-14T12:40:39","slug":"aufgaben","status":"publish","type":"page","link":"http:\/\/thorsten-mann-raudies.de\/?page_id=121","title":{"rendered":"Aufgaben"},"content":{"rendered":"\r\n<p><img loading=\"lazy\" decoding=\"async\" class=\"wp-image-122\" src=\"http:\/\/thorsten-mann-raudies.de\/wp-content\/uploads\/2018\/09\/signatur.jpg\" alt=\"\" width=\"298\" height=\"152\" srcset=\"http:\/\/thorsten-mann-raudies.de\/wp-content\/uploads\/2018\/09\/signatur.jpg 840w, http:\/\/thorsten-mann-raudies.de\/wp-content\/uploads\/2018\/09\/signatur-300x153.jpg 300w, http:\/\/thorsten-mann-raudies.de\/wp-content\/uploads\/2018\/09\/signatur-768x392.jpg 768w\" sizes=\"auto, (max-width: 298px) 100vw, 298px\" \/><\/p>\r\n<p><br \/><br \/>Ich vertrete den B\u00fcrgervorsteher der Stadt Elmshorn in dessen Abwesenheit, oder wenn er Repr\u00e4sentationstermine nicht selbst wahrnehmen kann. Dazu geh\u00f6ren u.a. Besuche bei Brautpaaren mit hohen Ehrentagen wie Goldene, Diamantene oder Eiserne Hochzeiten. Ebenso habe ich den B\u00fcrgervorsteher schon bei Einb\u00fcrgerungszeremonien oder bei der Einweihung der neuen Rettungsleitstelle des Kreises Pinneberg vertreten.<br \/><br \/>Der\u00a0B\u00fcrgervorsteher\u00a0ist der Vorsitzende der Gemeindevertretung und wird aus ihrer Mitte gew\u00e4hlt. Er ist wie die anderen Gemeindevertreter ehrenamtlich t\u00e4tig. Zu seinen Aufgaben geh\u00f6ren:<br \/><br \/>Vorsitz der Gemeindevertretung, Einladung zu Sitzungen und Leitung der Versammlung,<br \/>Sprecher der Gemeindevertretung,<br \/>Er vertritt die Belange der Gemeindevertretung gegen\u00fcber dem B\u00fcrgermeister und in gerichtlichen Verfahren,<br \/>Er ist Ansprechpartner f\u00fcr die B\u00fcrger f\u00fcr Anfragen an die Gemeindevertretung,<br \/>Er vertritt bei \u00f6ffentlichen Anl\u00e4ssen gemeinsam mit dem B\u00fcrgermeister die Stadt oder die Gemeinde,<br \/>Einberufung und Leitung von\u00a0Einwohnerversammlungen<br \/><br \/>Auszug aus der Gemeindeordnung f\u00fcr Schleswig-Holstein vom 28. Februar 2003:\u00a0<br \/><em>\u00a733 (4)<\/em>:<br \/><em>Die oder der Vorsitzende der Gemeindevertretung f\u00fchrt in Gemeinden mit hauptamtlicher B\u00fcrgermeisterin oder hauptamtlichem B\u00fcrgermeister die Bezeichnung B\u00fcrgervorsteherin oder B\u00fcrgervorsteher, in kreisfreien St\u00e4dten Stadtpr\u00e4sidentin oder Stadtpr\u00e4sident. In kreisangeh\u00f6rigen St\u00e4dten \u00fcber 20 000 Einwohnerinnen und Einwohnern kann die Hauptsatzung abweichend von Satz 1 bestimmen, dass die oder der Vorsitzende der Stadtvertretung die Bezeichnung Stadtpr\u00e4sidentin oder Stadtpr\u00e4sident f\u00fchrt.<\/em><\/p>\r\n\r\n<h2>Vorsitzender des Ausschusses f\u00fcr Kultur und Weiterbildung<\/h2>\r\n<p>Neben dem Amt des stellvertretenden B\u00fcrgervorstehers, \u00fcbe ich das Amt des Vorsitzenden des Ausschusses f\u00fcr Kultur und Weiterbildung aus.<\/p>\r\n<p>Das Aufgabengebiet des Ausschusses umfasst Kultur- und Heimatpflege, kulturelle Einrichtungen, Weiterbildung, Stadtarchiv, B\u00fcchereiwesen, St\u00e4dtepartnerschaften und st\u00e4dtische Patenschaften.<\/p>\r\n<p>Der Auschuss hat den Runden Tisch Kultur gebildet, den ich gemeinsam mit dem zust\u00e4ndigen Dezernenten leite.<\/p>\r\n<p>Auch die vom Ausschuss eingerichtete &#8222;AG Volkstrauertag&#8220; wird von mir geleitet.<\/p>\r\n<p>Au\u00dferdem habe ich die Aufgabe der Presse- und \u00d6ffentlichkeitsarbeit f\u00fcr die vom Ausschuss gefassten Beschl\u00fcsse.<\/p>","protected":false},"excerpt":{"rendered":"<p>Vorsitzender des Ausschusses f\u00fcr Kultur und Weiterbildung Neben dem Amt des stellvertretenden B\u00fcrgervorstehers, \u00fcbe ich das Amt des Vorsitzenden des Ausschusses f\u00fcr Kultur und Weiterbildung aus. Das Aufgabengebiet des Ausschusses umfasst Kultur- und Heimatpflege, kulturelle Einrichtungen, Weiterbildung, Stadtarchiv, B\u00fcchereiwesen, St\u00e4dtepartnerschaften und st\u00e4dtische Patenschaften. Der Auschuss hat den Runden Tisch Kultur gebildet, den ich gemeinsam mit &hellip; <\/p>\n<p class=\"link-more\"><a href=\"http:\/\/thorsten-mann-raudies.de\/?page_id=121\" class=\"more-link\"><span class=\"screen-reader-text\">\u201eAufgaben\u201c <\/span>weiterlesen<\/a><\/p>\n","protected":false},"author":2,"featured_media":0,"parent":0,"menu_order":0,"comment_status":"closed","ping_status":"closed","template":"","meta":{"jetpack_post_was_ever_published":false,"footnotes":""},"class_list":["post-121","page","type-page","status-publish","hentry"],"jetpack_sharing_enabled":true,"jetpack_shortlink":"https:\/\/wp.me\/Paioum-1X","_links":{"self":[{"href":"http:\/\/thorsten-mann-raudies.de\/index.php?rest_route=\/wp\/v2\/pages\/121","targetHints":{"allow":["GET"]}}],"collection":[{"href":"http:\/\/thorsten-mann-raudies.de\/index.php?rest_route=\/wp\/v2\/pages"}],"about":[{"href":"http:\/\/thorsten-mann-raudies.de\/index.php?rest_route=\/wp\/v2\/types\/page"}],"author":[{"embeddable":true,"href":"http:\/\/thorsten-mann-raudies.de\/index.php?rest_route=\/wp\/v2\/users\/2"}],"replies":[{"embeddable":true,"href":"http:\/\/thorsten-mann-raudies.de\/index.php?rest_route=%2Fwp%2Fv2%2Fcomments&post=121"}],"version-history":[{"count":6,"href":"http:\/\/thorsten-mann-raudies.de\/index.php?rest_route=\/wp\/v2\/pages\/121\/revisions"}],"predecessor-version":[{"id":674,"href":"http:\/\/thorsten-mann-raudies.de\/index.php?rest_route=\/wp\/v2\/pages\/121\/revisions\/674"}],"wp:attachment":[{"href":"http:\/\/thorsten-mann-raudies.de\/index.php?rest_route=%2Fwp%2Fv2%2Fmedia&parent=121"}],"curies":[{"name":"wp","href":"https:\/\/api.w.org\/{rel}","templated":true}]}}